{"id":655,"date":"2026-01-27T19:54:44","date_gmt":"2026-01-27T19:54:44","guid":{"rendered":"https:\/\/tapiceriapaidahue.cl\/?post_type=product&#038;p=655"},"modified":"2026-01-27T19:54:44","modified_gmt":"2026-01-27T19:54:44","slug":"sofa-lirquen","status":"publish","type":"product","link":"https:\/\/tapiceriapaidahue.cl\/index.php\/producto\/sofa-lirquen\/","title":{"rendered":"Sof\u00e1 Lirquen"},"content":{"rendered":"<p>*Estructura madera pino seco en c\u00e1mara<br \/>\n*Suspensi\u00f3n huinchas elasticas alta resistencia<br \/>\n*Cojines Asientos espuma alta densidad<br \/>\n*Cojines respaldo rellenos con algod\u00f3n sint\u00e9tico siliconado<br \/>\n*Hecho a medida entre 1,70 y 1,90 de largo, alto 0.70 fondo 0.70<br \/>\n*Patas cromadas 10 cm altura<\/p>\n","protected":false},"excerpt":{"rendered":"<p>*Estructura madera pino seco en c\u00e1mara *Suspensi\u00f3n huinchas elasticas alta resistencia *Cojines Asientos espuma alta densidad *Cojines respaldo rellenos con algod\u00f3n sint\u00e9tico siliconado *Hecho a medida entre 1,70 y 1,90 de largo, alto 0.70 fondo 0.70 *Patas cromadas 10 cm altura<\/p>\n","protected":false},"featured_media":656,"comment_status":"open","ping_status":"closed","template":"","meta":{"_et_pb_use_builder":"","_et_pb_old_content":"","_et_gb_content_width":""},"product_brand":[],"product_cat":[25],"product_tag":[60],"class_list":{"0":"post-655","1":"product","2":"type-product","3":"status-publish","4":"has-post-thumbnail","6":"product_cat-sofa","7":"product_tag-sofa","9":"first","10":"instock","11":"taxable","12":"shipping-taxable","13":"purchasable","14":"product-type-simple"},"jetpack_sharing_enabled":true,"_links":{"self":[{"href":"https:\/\/tapiceriapaidahue.cl\/index.php\/wp-json\/wp\/v2\/product\/655","targetHints":{"allow":["GET"]}}],"collection":[{"href":"https:\/\/tapiceriapaidahue.cl\/index.php\/wp-json\/wp\/v2\/product"}],"about":[{"href":"https:\/\/tapiceriapaidahue.cl\/index.php\/wp-json\/wp\/v2\/types\/product"}],"replies":[{"embeddable":true,"href":"https:\/\/tapiceriapaidahue.cl\/index.php\/wp-json\/wp\/v2\/comments?post=655"}],"wp:featuredmedia":[{"embeddable":true,"href":"https:\/\/tapiceriapaidahue.cl\/index.php\/wp-json\/wp\/v2\/media\/656"}],"wp:attachment":[{"href":"https:\/\/tapiceriapaidahue.cl\/index.php\/wp-json\/wp\/v2\/media?parent=655"}],"wp:term":[{"taxonomy":"product_brand","embeddable":true,"href":"https:\/\/tapiceriapaidahue.cl\/index.php\/wp-json\/wp\/v2\/product_brand?post=655"},{"taxonomy":"product_cat","embeddable":true,"href":"https:\/\/tapiceriapaidahue.cl\/index.php\/wp-json\/wp\/v2\/product_cat?post=655"},{"taxonomy":"product_tag","embeddable":true,"href":"https:\/\/tapiceriapaidahue.cl\/index.php\/wp-json\/wp\/v2\/product_tag?post=655"}],"curies":[{"name":"wp","href":"https:\/\/api.w.org\/{rel}","templated":true}]}}