{"id":127,"date":"2024-09-09T17:30:51","date_gmt":"2024-09-09T17:30:51","guid":{"rendered":"https:\/\/tapiceriapaidahue.cl\/?post_type=product&#038;p=127"},"modified":"2025-11-19T20:32:31","modified_gmt":"2025-11-19T20:32:31","slug":"futon-paidahue","status":"publish","type":"product","link":"https:\/\/tapiceriapaidahue.cl\/index.php\/producto\/futon-paidahue\/","title":{"rendered":"Fut\u00f3n Paidahue"},"content":{"rendered":"<p>Estructura madera Pino<br \/>\nSuspensi\u00f3n asiento resortes Zig zag<br \/>\nSuspensi\u00f3n respaldo cinta elasticada alta resistencia<br \/>\nPatas cromadas 10 cms<br \/>\nEspumas: Densidad 29, 10 cm<br \/>\nAltura: 96 cms<br \/>\nAncho: 100 cms<br \/>\nLargo: 190 cms<br \/>\nFondo Asiento 60 cms<br \/>\nMedida cama 130 x 190 cms<\/p>\n<p><strong>Tapiz: a elecci\u00f3n <\/strong><\/p>\n","protected":false},"excerpt":{"rendered":"<p>&nbsp;<\/p>\n<p>C\u00f3modo y reconfortante Fut\u00f3n, se convierte f\u00e1cilmente en cama seg\u00fan la ocasi\u00f3n. Construido a mano 100%, f\u00e1cil de armar y muy c\u00f3modo, en modo cama duermen 2 adultos perfectamente gracias a su espuma de alta densidad.<\/p>\n<p>&nbsp;<\/p>\n","protected":false},"featured_media":452,"comment_status":"open","ping_status":"closed","template":"","meta":{"_et_pb_use_builder":"","_et_pb_old_content":"","_et_gb_content_width":""},"product_brand":[],"product_cat":[17,58],"product_tag":[18],"class_list":{"0":"post-127","1":"product","2":"type-product","3":"status-publish","4":"has-post-thumbnail","6":"product_cat-futones","7":"product_cat-muebles","8":"product_tag-futones","10":"first","11":"instock","12":"sale","13":"taxable","14":"shipping-taxable","15":"purchasable","16":"product-type-simple"},"jetpack_sharing_enabled":true,"_links":{"self":[{"href":"https:\/\/tapiceriapaidahue.cl\/index.php\/wp-json\/wp\/v2\/product\/127","targetHints":{"allow":["GET"]}}],"collection":[{"href":"https:\/\/tapiceriapaidahue.cl\/index.php\/wp-json\/wp\/v2\/product"}],"about":[{"href":"https:\/\/tapiceriapaidahue.cl\/index.php\/wp-json\/wp\/v2\/types\/product"}],"replies":[{"embeddable":true,"href":"https:\/\/tapiceriapaidahue.cl\/index.php\/wp-json\/wp\/v2\/comments?post=127"}],"wp:featuredmedia":[{"embeddable":true,"href":"https:\/\/tapiceriapaidahue.cl\/index.php\/wp-json\/wp\/v2\/media\/452"}],"wp:attachment":[{"href":"https:\/\/tapiceriapaidahue.cl\/index.php\/wp-json\/wp\/v2\/media?parent=127"}],"wp:term":[{"taxonomy":"product_brand","embeddable":true,"href":"https:\/\/tapiceriapaidahue.cl\/index.php\/wp-json\/wp\/v2\/product_brand?post=127"},{"taxonomy":"product_cat","embeddable":true,"href":"https:\/\/tapiceriapaidahue.cl\/index.php\/wp-json\/wp\/v2\/product_cat?post=127"},{"taxonomy":"product_tag","embeddable":true,"href":"https:\/\/tapiceriapaidahue.cl\/index.php\/wp-json\/wp\/v2\/product_tag?post=127"}],"curies":[{"name":"wp","href":"https:\/\/api.w.org\/{rel}","templated":true}]}}