{"id":61,"date":"2024-09-09T17:52:48","date_gmt":"2024-09-09T17:52:48","guid":{"rendered":"https:\/\/tapiceriapaidahue.cl\/?page_id=61"},"modified":"2024-11-08T16:37:16","modified_gmt":"2024-11-08T16:37:16","slug":"nosotros","status":"publish","type":"page","link":"https:\/\/tapiceriapaidahue.cl\/index.php\/nosotros\/","title":{"rendered":"Nosotros"},"content":{"rendered":"<p>[et_pb_section fb_built=\u00bb1&#8243; fullwidth=\u00bbon\u00bb _builder_version=\u00bb4.27.0&#8243; _module_preset=\u00bbdefault\u00bb global_colors_info=\u00bb{}\u00bb][et_pb_fullwidth_image src=\u00bbhttps:\/\/tapiceriapaidahue.cl\/wp-content\/uploads\/2024\/10\/Captura-de-Pantalla-2024-10-25-a-las-09.06.14.png\u00bb title_text=\u00bbCaptura de Pantalla 2024-10-25 a la(s) 09.06.14&#8243; _builder_version=\u00bb4.27.2&#8243; _module_preset=\u00bbdefault\u00bb max_height=\u00bb180px\u00bb global_colors_info=\u00bb{}\u00bb][\/et_pb_fullwidth_image][\/et_pb_section][et_pb_section fb_built=\u00bb1&#8243; fullwidth=\u00bbon\u00bb _builder_version=\u00bb4.27.2&#8243; _module_preset=\u00bbdefault\u00bb global_colors_info=\u00bb{}\u00bb][et_pb_fullwidth_post_title _builder_version=\u00bb4.27.2&#8243; _module_preset=\u00bbdefault\u00bb global_colors_info=\u00bb{}\u00bb][\/et_pb_fullwidth_post_title][\/et_pb_section][et_pb_section fb_built=\u00bb1&#8243; _builder_version=\u00bb4.27.2&#8243; _module_preset=\u00bbdefault\u00bb custom_padding=\u00bb||1px|||\u00bb global_colors_info=\u00bb{}\u00bb][et_pb_row _builder_version=\u00bb4.27.2&#8243; _module_preset=\u00bbdefault\u00bb custom_padding=\u00bb4px||24px|||\u00bb global_colors_info=\u00bb{}\u00bb][et_pb_column type=\u00bb4_4&#8243; _builder_version=\u00bb4.27.2&#8243; _module_preset=\u00bbdefault\u00bb global_colors_info=\u00bb{}\u00bb][et_pb_divider _builder_version=\u00bb4.27.2&#8243; _module_preset=\u00bbdefault\u00bb custom_margin=\u00bb||-5px|||\u00bb global_colors_info=\u00bb{}\u00bb][\/et_pb_divider][\/et_pb_column][\/et_pb_row][\/et_pb_section][et_pb_section fb_built=\u00bb1&#8243; _builder_version=\u00bb4.27.0&#8243; _module_preset=\u00bbdefault\u00bb custom_padding=\u00bb5px||12px|||\u00bb global_colors_info=\u00bb{}\u00bb][et_pb_row column_structure=\u00bb2_5,3_5&#8243; _builder_version=\u00bb4.27.0&#8243; _module_preset=\u00bbdefault\u00bb global_colors_info=\u00bb{}\u00bb][et_pb_column type=\u00bb2_5&#8243; _builder_version=\u00bb4.27.0&#8243; _module_preset=\u00bbdefault\u00bb global_colors_info=\u00bb{}\u00bb][et_pb_image src=\u00bbhttps:\/\/tapiceriapaidahue.cl\/wp-content\/uploads\/2024\/09\/detalle-etiqueta1.jpg\u00bb title_text=\u00bbdetalle-etiqueta1&#8243; _builder_version=\u00bb4.27.0&#8243; _module_preset=\u00bbdefault\u00bb width=\u00bb85%\u00bb global_colors_info=\u00bb{}\u00bb][\/et_pb_image][\/et_pb_column][et_pb_column type=\u00bb3_5&#8243; _builder_version=\u00bb4.27.0&#8243; _module_preset=\u00bbdefault\u00bb global_colors_info=\u00bb{}\u00bb][et_pb_text _builder_version=\u00bb4.27.0&#8243; _module_preset=\u00bbdefault\u00bb global_colors_info=\u00bb{}\u00bb]<\/p>\n<p><span>Muebles Paidahue es un taller y tapicer\u00eda de muebles creado en 1985 en la comuna de la Florida, en aquel entonces nuestro padre (Humberto) trabajaba diariamente en su taller por largas horas dando vida a muchos sof\u00e1s, poltronas, sillas, comedores\u00a0 y cachivaches que llegaban buscando una manito de gato. Ah\u00ed justamente se criaron Alex y Luis. En medio de tachuelas, huinchas de arpilleras, sacos, resortes, felpas, gobelinos, vinil, popelinas, espumas y herramientas. Ah\u00ed nos clavamos varias veces una tachuela o nos apretamos un dedo con las pesadas prensas para apretar las sillas. Ah\u00ed pasamos largas horas de nuestras vidas martillando palos y saltando entre los sacos de plumas.<\/span><\/p>\n<p>[\/et_pb_text][\/et_pb_column][\/et_pb_row][\/et_pb_section][et_pb_section fb_built=\u00bb1&#8243; _builder_version=\u00bb4.27.0&#8243; _module_preset=\u00bbdefault\u00bb custom_padding=\u00bb3px|||||\u00bb global_colors_info=\u00bb{}\u00bb][et_pb_row column_structure=\u00bb1_2,1_2&#8243; _builder_version=\u00bb4.27.0&#8243; _module_preset=\u00bbdefault\u00bb custom_margin=\u00bb-18px|auto||auto||\u00bb global_colors_info=\u00bb{}\u00bb][et_pb_column type=\u00bb1_2&#8243; _builder_version=\u00bb4.27.0&#8243; _module_preset=\u00bbdefault\u00bb global_colors_info=\u00bb{}\u00bb][et_pb_text _builder_version=\u00bb4.27.0&#8243; _module_preset=\u00bbdefault\u00bb global_colors_info=\u00bb{}\u00bb]<\/p>\n<p><span>Pero un d\u00eda nos dimos cuenta de que el pap\u00e1 necesitaba algo de ayuda, el trabajo era excesivo y siempre faltaban manos, y as\u00ed comenz\u00f3 todo. Alex dej\u00f3 su estresante trabajo y se decidi\u00f3 por apostar al negocio familiar, tom\u00f3 toda su experiencia adquirida en a\u00f1os y la volc\u00f3 en el negocio. Luis hizo algo parecido, aport\u00f3 con las herramientas tecnol\u00f3gicas para crear procesos operativos y administrativos simples, r\u00e1pidos y que incluyeran 100% a nuestros clientes.\u00a0<\/span><\/p>\n<p>[\/et_pb_text][et_pb_text _builder_version=\u00bb4.27.0&#8243; _module_preset=\u00bbdefault\u00bb global_colors_info=\u00bb{}\u00bb]<\/p>\n<p><span>Y as\u00ed decidimos seguir con el legado del pap\u00e1 y rendir un tributo en vida a quien nos forj\u00f3 y nos dio tanto con su taller. As\u00ed naci\u00f3 la segunda generaci\u00f3n de la muebler\u00eda y seguimos con los mismos clientes de hace 30 a\u00f1os, quienes nos vieron desde muy peque\u00f1os arreglando sus muebles. Hoy con nuestro taller consolidado y una extensa red de clientes seguimos dando vida a muchos muebles. El pap\u00e1 sigue con nosotros,\u00a0 es el jefe y nosotros felices hacemos que nuestros muebles nuevos o reparados llevan ese sello de hacer algo con mucho cari\u00f1o y respeto. Por que eso somos, un par de hermanos que recorrieron mundos distintos pero que decidieron volver al nicho que los hizo crecer. Y trabajar felices con el pap\u00e1.<\/span><\/p>\n<p><span><\/span><\/p>\n<p><span>Hermanos Alex &amp; Luis.<\/span><\/p>\n<p>[\/et_pb_text][\/et_pb_column][et_pb_column type=\u00bb1_2&#8243; _builder_version=\u00bb4.27.0&#8243; _module_preset=\u00bbdefault\u00bb global_colors_info=\u00bb{}\u00bb][et_pb_image src=\u00bbhttps:\/\/tapiceriapaidahue.cl\/wp-content\/uploads\/2024\/09\/nosotros1.jpg\u00bb title_text=\u00bbnosotros1&#8243; _builder_version=\u00bb4.27.0&#8243; _module_preset=\u00bbdefault\u00bb width=\u00bb85%\u00bb max_width=\u00bb100%\u00bb global_colors_info=\u00bb{}\u00bb][\/et_pb_image][\/et_pb_column][\/et_pb_row][\/et_pb_section]<\/p>\n","protected":false},"excerpt":{"rendered":"<p>Muebles Paidahue es un taller y tapicer\u00eda de muebles creado en 1985 en la comuna de la Florida, en aquel entonces nuestro padre (Humberto) trabajaba diariamente en su taller por largas horas dando vida a muchos sof\u00e1s, poltronas, sillas, comedores\u00a0 y cachivaches que llegaban buscando una manito de gato. Ah\u00ed justamente se criaron Alex y [&hellip;]<\/p>\n","protected":false},"author":1,"featured_media":0,"parent":0,"menu_order":0,"comment_status":"closed","ping_status":"closed","template":"","meta":{"_et_pb_use_builder":"on","_et_pb_old_content":"","_et_gb_content_width":"","footnotes":""},"class_list":["post-61","page","type-page","status-publish","hentry"],"jetpack_sharing_enabled":true,"_links":{"self":[{"href":"https:\/\/tapiceriapaidahue.cl\/index.php\/wp-json\/wp\/v2\/pages\/61","targetHints":{"allow":["GET"]}}],"collection":[{"href":"https:\/\/tapiceriapaidahue.cl\/index.php\/wp-json\/wp\/v2\/pages"}],"about":[{"href":"https:\/\/tapiceriapaidahue.cl\/index.php\/wp-json\/wp\/v2\/types\/page"}],"author":[{"embeddable":true,"href":"https:\/\/tapiceriapaidahue.cl\/index.php\/wp-json\/wp\/v2\/users\/1"}],"replies":[{"embeddable":true,"href":"https:\/\/tapiceriapaidahue.cl\/index.php\/wp-json\/wp\/v2\/comments?post=61"}],"version-history":[{"count":6,"href":"https:\/\/tapiceriapaidahue.cl\/index.php\/wp-json\/wp\/v2\/pages\/61\/revisions"}],"predecessor-version":[{"id":402,"href":"https:\/\/tapiceriapaidahue.cl\/index.php\/wp-json\/wp\/v2\/pages\/61\/revisions\/402"}],"wp:attachment":[{"href":"https:\/\/tapiceriapaidahue.cl\/index.php\/wp-json\/wp\/v2\/media?parent=61"}],"curies":[{"name":"wp","href":"https:\/\/api.w.org\/{rel}","templated":true}]}}