{"id":57,"date":"2024-09-09T17:55:51","date_gmt":"2024-09-09T17:55:51","guid":{"rendered":"https:\/\/tapiceriapaidahue.cl\/?page_id=57"},"modified":"2025-11-20T14:58:13","modified_gmt":"2025-11-20T14:58:13","slug":"garantia","status":"publish","type":"page","link":"https:\/\/tapiceriapaidahue.cl\/index.php\/garantia\/","title":{"rendered":"Garant\u00eda"},"content":{"rendered":"<p>[et_pb_section fb_built=\u00bb1&#8243; fullwidth=\u00bbon\u00bb _builder_version=\u00bb4.27.2&#8243; _module_preset=\u00bbdefault\u00bb global_colors_info=\u00bb{}\u00bb][et_pb_fullwidth_image src=\u00bbhttps:\/\/tapiceriapaidahue.cl\/wp-content\/uploads\/2024\/10\/Captura-de-Pantalla-2024-10-25-a-las-09.06.14.png\u00bb title_text=\u00bbCaptura de Pantalla 2024-10-25 a la(s) 09.06.14&#8243; _builder_version=\u00bb4.27.2&#8243; _module_preset=\u00bbdefault\u00bb global_colors_info=\u00bb{}\u00bb][\/et_pb_fullwidth_image][\/et_pb_section][et_pb_section fb_built=\u00bb1&#8243; _builder_version=\u00bb4.27.0&#8243; _module_preset=\u00bbdefault\u00bb global_colors_info=\u00bb{}\u00bb][et_pb_row _builder_version=\u00bb4.27.0&#8243; _module_preset=\u00bbdefault\u00bb global_colors_info=\u00bb{}\u00bb][et_pb_column type=\u00bb4_4&#8243; _builder_version=\u00bb4.27.0&#8243; _module_preset=\u00bbdefault\u00bb global_colors_info=\u00bb{}\u00bb][et_pb_text _builder_version=\u00bb4.27.0&#8243; _module_preset=\u00bbdefault\u00bb global_colors_info=\u00bb{}\u00bb]<\/p>\n<h5 class=\"et_pb_toggle_title\">GARANT\u00cdA Y POST VENTA<\/h5>\n<div class=\"et_pb_toggle_content clearfix\">\n<p><span>Todos nuestros muebles cuentan con una garant\u00eda de 6 meses a partir de la entrega.<\/span><\/p>\n<p><b>La garant\u00eda es efectiva cuando:<\/b><\/p>\n<p>&nbsp;<\/p>\n<ul>\n<li aria-level=\"1\"><span>S\u00ed el producto presenta problemas de fabricaci\u00f3n<\/span><\/li>\n<li aria-level=\"1\"><span>Si existiese diferencias de tonalidades que evidencian un problema de fabricaci\u00f3n<\/span><\/li>\n<li aria-level=\"1\"><span>Si durante su utilizaci\u00f3n, el producto presenta deficiencias que impidan el uso para el cual fue dise\u00f1ado.<\/span><\/li>\n<li aria-level=\"1\"><span>Si el producto presenta desperfectos atribuibles a la fabricaci\u00f3n dentro del plazo de 180 d\u00edas de corrido desde la recepci\u00f3n conforme.<\/span><\/li>\n<\/ul>\n<\/div>\n<p>[\/et_pb_text][\/et_pb_column][\/et_pb_row][et_pb_row _builder_version=\u00bb4.27.0&#8243; _module_preset=\u00bbdefault\u00bb global_colors_info=\u00bb{}\u00bb][et_pb_column type=\u00bb4_4&#8243; _builder_version=\u00bb4.27.0&#8243; _module_preset=\u00bbdefault\u00bb global_colors_info=\u00bb{}\u00bb][et_pb_toggle title=\u00bb\u00bfQu\u00e9 cubre mi garant\u00eda?\u00bb _builder_version=\u00bb4.27.4&#8243; _module_preset=\u00bbdefault\u00bb hover_enabled=\u00bb0&#8243; global_colors_info=\u00bb{}\u00bb sticky_enabled=\u00bb0&#8243; background_enable_color=\u00bboff\u00bb]<\/p>\n<p>Lo siguiente<b>:<\/b><\/p>\n<ul>\n<li aria-level=\"1\"><span>Servicio t\u00e9cnico de reparaci\u00f3n y mantenci\u00f3n<\/span><\/li>\n<li aria-level=\"1\"><span>Costuras, botones, accesorios que hayan salido defectuosos del taller<\/span><\/li>\n<\/ul>\n<p>[\/et_pb_toggle][\/et_pb_column][\/et_pb_row][et_pb_row _builder_version=\u00bb4.27.0&#8243; _module_preset=\u00bbdefault\u00bb global_colors_info=\u00bb{}\u00bb][et_pb_column type=\u00bb4_4&#8243; _builder_version=\u00bb4.27.0&#8243; _module_preset=\u00bbdefault\u00bb global_colors_info=\u00bb{}\u00bb][et_pb_toggle title=\u00bb\u00bfQu\u00e9 no cubre mi garant\u00eda?\u00bb _builder_version=\u00bb4.27.4&#8243; _module_preset=\u00bbdefault\u00bb background_color=\u00bbrgba(23,147,27,0.29)\u00bb hover_enabled=\u00bb0&#8243; global_colors_info=\u00bb{}\u00bb sticky_enabled=\u00bb0&#8243;]<\/p>\n<p><b>No cubre:<\/b><\/p>\n<ul>\n<li aria-level=\"1\"><span>Desgaste material por mal uso<\/span><\/li>\n<li aria-level=\"1\"><span>Costuras, botones, cierres en mal estado por mal uso del cliente<\/span><\/li>\n<li aria-level=\"1\"><span>Si el cliente provocase da\u00f1o intencional al producto.<\/span><\/li>\n<li aria-level=\"1\"><span>Si el cliente presenta reclamo despu\u00e9s de los 6 meses de plazo para hacerlo<\/span><\/li>\n<\/ul>\n<p>[\/et_pb_toggle][\/et_pb_column][\/et_pb_row][\/et_pb_section]<\/p>\n","protected":false},"excerpt":{"rendered":"<p>GARANT\u00cdA Y POST VENTA Todos nuestros muebles cuentan con una garant\u00eda de 6 meses a partir de la entrega. La garant\u00eda es efectiva cuando: &nbsp; S\u00ed el producto presenta problemas de fabricaci\u00f3n Si existiese diferencias de tonalidades que evidencian un problema de fabricaci\u00f3n Si durante su utilizaci\u00f3n, el producto presenta deficiencias que impidan el uso [&hellip;]<\/p>\n","protected":false},"author":1,"featured_media":0,"parent":0,"menu_order":0,"comment_status":"closed","ping_status":"closed","template":"","meta":{"_et_pb_use_builder":"on","_et_pb_old_content":"","_et_gb_content_width":"","footnotes":""},"class_list":["post-57","page","type-page","status-publish","hentry"],"jetpack_sharing_enabled":true,"_links":{"self":[{"href":"https:\/\/tapiceriapaidahue.cl\/index.php\/wp-json\/wp\/v2\/pages\/57","targetHints":{"allow":["GET"]}}],"collection":[{"href":"https:\/\/tapiceriapaidahue.cl\/index.php\/wp-json\/wp\/v2\/pages"}],"about":[{"href":"https:\/\/tapiceriapaidahue.cl\/index.php\/wp-json\/wp\/v2\/types\/page"}],"author":[{"embeddable":true,"href":"https:\/\/tapiceriapaidahue.cl\/index.php\/wp-json\/wp\/v2\/users\/1"}],"replies":[{"embeddable":true,"href":"https:\/\/tapiceriapaidahue.cl\/index.php\/wp-json\/wp\/v2\/comments?post=57"}],"version-history":[{"count":5,"href":"https:\/\/tapiceriapaidahue.cl\/index.php\/wp-json\/wp\/v2\/pages\/57\/revisions"}],"predecessor-version":[{"id":610,"href":"https:\/\/tapiceriapaidahue.cl\/index.php\/wp-json\/wp\/v2\/pages\/57\/revisions\/610"}],"wp:attachment":[{"href":"https:\/\/tapiceriapaidahue.cl\/index.php\/wp-json\/wp\/v2\/media?parent=57"}],"curies":[{"name":"wp","href":"https:\/\/api.w.org\/{rel}","templated":true}]}}