{"id":51,"date":"2024-09-09T17:57:04","date_gmt":"2024-09-09T17:57:04","guid":{"rendered":"https:\/\/tapiceriapaidahue.cl\/?page_id=51"},"modified":"2024-11-11T14:47:03","modified_gmt":"2024-11-11T14:47:03","slug":"reciclaje","status":"publish","type":"page","link":"https:\/\/tapiceriapaidahue.cl\/index.php\/reciclaje\/","title":{"rendered":"Reciclaje"},"content":{"rendered":"<p>[et_pb_section fb_built=\u00bb1&#8243; fullwidth=\u00bbon\u00bb _builder_version=\u00bb4.27.0&#8243; _module_preset=\u00bbdefault\u00bb global_colors_info=\u00bb{}\u00bb][et_pb_fullwidth_image src=\u00bbhttps:\/\/tapiceriapaidahue.cl\/wp-content\/uploads\/2024\/10\/Captura-de-Pantalla-2024-10-25-a-las-09.06.14.png\u00bb title_text=\u00bbCaptura de Pantalla 2024-10-25 a la(s) 09.06.14&#8243; _builder_version=\u00bb4.27.2&#8243; _module_preset=\u00bbdefault\u00bb background_enable_color=\u00bboff\u00bb max_width=\u00bb100%\u00bb min_height=\u00bb227px\u00bb height=\u00bb100px\u00bb max_height=\u00bb1000px\u00bb custom_padding=\u00bb||0px|||\u00bb global_colors_info=\u00bb{}\u00bb][\/et_pb_fullwidth_image][\/et_pb_section][et_pb_section fb_built=\u00bb1&#8243; _builder_version=\u00bb4.27.0&#8243; _module_preset=\u00bbdefault\u00bb global_colors_info=\u00bb{}\u00bb][et_pb_row _builder_version=\u00bb4.27.0&#8243; _module_preset=\u00bbdefault\u00bb custom_padding=\u00bb2px|||||\u00bb global_colors_info=\u00bb{}\u00bb][et_pb_column type=\u00bb4_4&#8243; _builder_version=\u00bb4.27.0&#8243; _module_preset=\u00bbdefault\u00bb global_colors_info=\u00bb{}\u00bb][et_pb_text _builder_version=\u00bb4.27.0&#8243; _module_preset=\u00bbdefault\u00bb global_colors_info=\u00bb{}\u00bb]<\/p>\n<p><span>Desde hace un tiempo muchos clientes nos han preguntado c\u00f3mo deshacerse de sus muebles antiguos o en desuso ya que no cuentan con el espacio para mantenerlos hasta encontrar qu\u00e9 hacer con ellos.<\/span><\/p>\n<p>Nos ped\u00edan si nos pod\u00edamos llevar y deshacernos de sus muebles, para nosotros era un poco dif\u00edcil ya que tampoco contamos con espacio y tiempo para hacernos cargo. Pero decidimos probar un nuevo modelo, aceptamos un par de muebles que fueron donados por nuestros clientes y optamos por traerlos a la vida, y comercializarlos a un precio mas bajo, claro que s\u00ed, solo cobramos la mano de obra y los materiales para su reparaci\u00f3n ya que el armaz\u00f3n se obtuvo de una donaci\u00f3n.<\/p>\n<p>Todos los muebles reciclados pasan por un desarme completo, reparaci\u00f3n si es necesario de armaz\u00f3n, resortes, huinchas. Luego se realiza en acolchado con espumas nuevas de alta calidad para posteriormente colocar el tapiz seleccionado por el nuevo due\u00f1o. Tenemos diversos tipos de tapices lisos y con dise\u00f1o, distintas texturas, todos de alta calidad.<\/p>\n<p>Te invitamos a revisar estos muebles reciclados, \u00a1el tuyo puede estar ac\u00e1!<\/p>\n<p>[\/et_pb_text][\/et_pb_column][\/et_pb_row][et_pb_row column_structure=\u00bb1_3,1_3,1_3&#8243; _builder_version=\u00bb4.27.2&#8243; _module_preset=\u00bbdefault\u00bb global_colors_info=\u00bb{}\u00bb][et_pb_column type=\u00bb1_3&#8243; _builder_version=\u00bb4.27.2&#8243; _module_preset=\u00bbdefault\u00bb global_colors_info=\u00bb{}\u00bb][et_pb_image src=\u00bbhttps:\/\/tapiceriapaidahue.cl\/wp-content\/uploads\/2024\/11\/WhatsApp-Image-2024-11-05-at-21.26.28.jpeg\u00bb title_text=\u00bbWhatsApp Image 2024-11-05 at 21.26.28&#8243; url=\u00bbhttps:\/\/tapiceriapaidahue.cl\/index.php\/producto\/reposera\/?v=808d38edc983&#8243; _builder_version=\u00bb4.27.2&#8243; _module_preset=\u00bbdefault\u00bb global_colors_info=\u00bb{}\u00bb][\/et_pb_image][et_pb_text _builder_version=\u00bb4.27.2&#8243; _module_preset=\u00bbdefault\u00bb global_colors_info=\u00bb{}\u00bb]<\/p>\n<h3>Reposera $150.000.<\/h3>\n<p>Tela a elecci\u00f3n.<\/p>\n<p>[\/et_pb_text][et_pb_text _builder_version=\u00bb4.27.2&#8243; _module_preset=\u00bbdefault\u00bb custom_margin=\u00bb-18px|||||\u00bb global_colors_info=\u00bb{}\u00bb]<\/p>\n<p>Medidas:<br \/>Ancho 1,20<br \/>Alto 0,83<br \/>Fondo 0,46<\/p>\n<p>[\/et_pb_text][\/et_pb_column][et_pb_column type=\u00bb1_3&#8243; _builder_version=\u00bb4.27.2&#8243; _module_preset=\u00bbdefault\u00bb global_colors_info=\u00bb{}\u00bb][et_pb_image src=\u00bbhttps:\/\/tapiceriapaidahue.cl\/wp-content\/uploads\/2024\/11\/WhatsApp-Image-2024-11-05-at-15.28.29.jpeg\u00bb alt=\u00bbBanqueta reciclaje\u00bb title_text=\u00bbWhatsApp Image 2024-11-05 at 15.28.29&#8243; _builder_version=\u00bb4.27.2&#8243; _module_preset=\u00bbdefault\u00bb global_colors_info=\u00bb{}\u00bb][\/et_pb_image][et_pb_text _builder_version=\u00bb4.27.2&#8243; _module_preset=\u00bbdefault\u00bb global_colors_info=\u00bb{}\u00bb]<\/p>\n<h3>Banqueta tocador $45.000.<\/h3>\n<p>Tela a elecci\u00f3n.<\/p>\n<p>[\/et_pb_text][et_pb_text _builder_version=\u00bb4.27.2&#8243; _module_preset=\u00bbdefault\u00bb custom_margin=\u00bb-7px|||||\u00bb global_colors_info=\u00bb{}\u00bb]<\/p>\n<p>Medidas:<\/p>\n<p>Ancho 0,43<br \/>Alto 0,49<br \/>Fondo 0,38<\/p>\n<p>[\/et_pb_text][\/et_pb_column][et_pb_column type=\u00bb1_3&#8243; _builder_version=\u00bb4.27.2&#8243; _module_preset=\u00bbdefault\u00bb global_colors_info=\u00bb{}\u00bb][et_pb_image src=\u00bbhttps:\/\/tapiceriapaidahue.cl\/wp-content\/uploads\/2024\/11\/WhatsApp-Image-2024-11-05-at-15.26.16.jpeg\u00bb title_text=\u00bbWhatsApp Image 2024-11-05 at 15.26.16&#8243; _builder_version=\u00bb4.27.2&#8243; _module_preset=\u00bbdefault\u00bb global_colors_info=\u00bb{}\u00bb][\/et_pb_image][et_pb_text _builder_version=\u00bb4.27.2&#8243; _module_preset=\u00bbdefault\u00bb global_colors_info=\u00bb{}\u00bb]<\/p>\n<h3>Banqueta antigua $70.000<\/h3>\n<p>Tela a elecci\u00f3n.<\/p>\n<p>[\/et_pb_text][et_pb_text _builder_version=\u00bb4.27.2&#8243; _module_preset=\u00bbdefault\u00bb global_colors_info=\u00bb{}\u00bb]<\/p>\n<p>Medidas:<\/p>\n<p>Ancho 0,85<br \/>Alto 0,44<br \/>Fondo 0,41<\/p>\n<p>[\/et_pb_text][\/et_pb_column][\/et_pb_row][\/et_pb_section]<\/p>\n","protected":false},"excerpt":{"rendered":"<p>Desde hace un tiempo muchos clientes nos han preguntado c\u00f3mo deshacerse de sus muebles antiguos o en desuso ya que no cuentan con el espacio para mantenerlos hasta encontrar qu\u00e9 hacer con ellos. Nos ped\u00edan si nos pod\u00edamos llevar y deshacernos de sus muebles, para nosotros era un poco dif\u00edcil ya que tampoco contamos con [&hellip;]<\/p>\n","protected":false},"author":1,"featured_media":0,"parent":0,"menu_order":0,"comment_status":"closed","ping_status":"closed","template":"","meta":{"_et_pb_use_builder":"on","_et_pb_old_content":"","_et_gb_content_width":"","footnotes":""},"class_list":["post-51","page","type-page","status-publish","hentry"],"jetpack_sharing_enabled":true,"_links":{"self":[{"href":"https:\/\/tapiceriapaidahue.cl\/index.php\/wp-json\/wp\/v2\/pages\/51","targetHints":{"allow":["GET"]}}],"collection":[{"href":"https:\/\/tapiceriapaidahue.cl\/index.php\/wp-json\/wp\/v2\/pages"}],"about":[{"href":"https:\/\/tapiceriapaidahue.cl\/index.php\/wp-json\/wp\/v2\/types\/page"}],"author":[{"embeddable":true,"href":"https:\/\/tapiceriapaidahue.cl\/index.php\/wp-json\/wp\/v2\/users\/1"}],"replies":[{"embeddable":true,"href":"https:\/\/tapiceriapaidahue.cl\/index.php\/wp-json\/wp\/v2\/comments?post=51"}],"version-history":[{"count":9,"href":"https:\/\/tapiceriapaidahue.cl\/index.php\/wp-json\/wp\/v2\/pages\/51\/revisions"}],"predecessor-version":[{"id":416,"href":"https:\/\/tapiceriapaidahue.cl\/index.php\/wp-json\/wp\/v2\/pages\/51\/revisions\/416"}],"wp:attachment":[{"href":"https:\/\/tapiceriapaidahue.cl\/index.php\/wp-json\/wp\/v2\/media?parent=51"}],"curies":[{"name":"wp","href":"https:\/\/api.w.org\/{rel}","templated":true}]}}