{"id":318,"date":"2024-10-25T13:10:24","date_gmt":"2024-10-25T13:10:24","guid":{"rendered":"https:\/\/tapiceriapaidahue.cl\/?page_id=318"},"modified":"2024-11-08T12:56:19","modified_gmt":"2024-11-08T12:56:19","slug":"muebles-a-medida","status":"publish","type":"page","link":"https:\/\/tapiceriapaidahue.cl\/index.php\/muebles-a-medida\/","title":{"rendered":"Muebles a medida"},"content":{"rendered":"<p>[et_pb_section fb_built=\u00bb1&#8243; fullwidth=\u00bbon\u00bb theme_builder_area=\u00bbpost_content\u00bb _builder_version=\u00bb4.27.2&#8243; _module_preset=\u00bbdefault\u00bb][et_pb_fullwidth_image src=\u00bbhttps:\/\/tapiceriapaidahue.cl\/wp-content\/uploads\/2024\/10\/Captura-de-Pantalla-2024-10-25-a-las-09.06.14.png\u00bb _builder_version=\u00bb4.27.2&#8243; _module_preset=\u00bbdefault\u00bb theme_builder_area=\u00bbpost_content\u00bb title_text=\u00bbCaptura de Pantalla 2024-10-25 a la(s) 09.06.14&#8243; hover_enabled=\u00bb0&#8243; sticky_enabled=\u00bb0&#8243;][\/et_pb_fullwidth_image][\/et_pb_section][et_pb_section fb_built=\u00bb1&#8243; _builder_version=\u00bb4.27.2&#8243; _module_preset=\u00bbdefault\u00bb global_colors_info=\u00bb{}\u00bb][et_pb_row column_structure=\u00bb2_5,3_5&#8243; _builder_version=\u00bb4.27.2&#8243; _module_preset=\u00bbdefault\u00bb global_colors_info=\u00bb{}\u00bb][et_pb_column type=\u00bb2_5&#8243; _builder_version=\u00bb4.27.2&#8243; _module_preset=\u00bbdefault\u00bb global_colors_info=\u00bb{}\u00bb][et_pb_image src=\u00bbhttps:\/\/tapiceriapaidahue.cl\/wp-content\/uploads\/2024\/10\/Captura-de-Pantalla-2024-10-28-a-las-11.49.04.png\u00bb title_text=\u00bbCaptura de Pantalla 2024-10-28 a la(s) 11.49.04&#8243; _builder_version=\u00bb4.27.2&#8243; _module_preset=\u00bbdefault\u00bb global_colors_info=\u00bb{}\u00bb][\/et_pb_image][\/et_pb_column][et_pb_column type=\u00bb3_5&#8243; _builder_version=\u00bb4.27.2&#8243; _module_preset=\u00bbdefault\u00bb global_colors_info=\u00bb{}\u00bb][et_pb_text _builder_version=\u00bb4.27.2&#8243; _module_preset=\u00bbdefault\u00bb custom_margin=\u00bb||-2px|||\u00bb global_colors_info=\u00bb{}\u00bb]<\/p>\n<h1><strong>Muebles de Cocina a Medida: <\/strong>Dise\u00f1o, Funcionalidad y Estilo Exclusivo<\/h1>\n<p>&nbsp;<\/p>\n<p>[\/et_pb_text][et_pb_text _builder_version=\u00bb4.27.2&#8243; _module_preset=\u00bbdefault\u00bb global_colors_info=\u00bb{}\u00bb]<\/p>\n<p>Nos especializamos en crear cocinas que se adaptan perfectamente a tus necesidades, estilo y espacio. Dise\u00f1amos y fabricamos muebles de cocina a medida con los m\u00e1s altos est\u00e1ndares de calidad, brindando soluciones pr\u00e1cticas y est\u00e9ticas para cualquier tipo de ambiente.<\/p>\n<p>[\/et_pb_text][\/et_pb_column][\/et_pb_row][\/et_pb_section][et_pb_section fb_built=\u00bb1&#8243; _builder_version=\u00bb4.27.2&#8243; _module_preset=\u00bbdefault\u00bb custom_padding=\u00bb1px||9px|||\u00bb global_colors_info=\u00bb{}\u00bb][et_pb_row column_structure=\u00bb3_5,2_5&#8243; _builder_version=\u00bb4.27.2&#8243; _module_preset=\u00bbdefault\u00bb global_colors_info=\u00bb{}\u00bb][et_pb_column type=\u00bb3_5&#8243; _builder_version=\u00bb4.27.2&#8243; _module_preset=\u00bbdefault\u00bb global_colors_info=\u00bb{}\u00bb][et_pb_text _builder_version=\u00bb4.27.2&#8243; _module_preset=\u00bbdefault\u00bb global_colors_info=\u00bb{}\u00bb]<\/p>\n<h2><strong>\u00bfPor qu\u00e9 elegir muebles a medida?<\/strong><\/h2>\n<p>[\/et_pb_text][et_pb_text _builder_version=\u00bb4.27.2&#8243; _module_preset=\u00bbdefault\u00bb global_colors_info=\u00bb{}\u00bb]<\/p>\n<p>Cada cocina es \u00fanica, y entendemos la importancia de aprovechar al m\u00e1ximo cada rinc\u00f3n de tu hogar. Con nuestros muebles a medida, tienes la libertad de elegir materiales, colores, y dise\u00f1os que se ajusten a tu estilo y personalidad, logrando una cocina c\u00f3moda, funcional y que resalte por su exclusividad.<\/p>\n<p>&nbsp;<\/p>\n<p>[\/et_pb_text][\/et_pb_column][et_pb_column type=\u00bb2_5&#8243; _builder_version=\u00bb4.27.2&#8243; _module_preset=\u00bbdefault\u00bb global_colors_info=\u00bb{}\u00bb][et_pb_image src=\u00bbhttps:\/\/tapiceriapaidahue.cl\/wp-content\/uploads\/2024\/10\/Captura-de-Pantalla-2024-10-28-a-las-11.48.45.png\u00bb title_text=\u00bbCaptura de Pantalla 2024-10-28 a la(s) 11.48.45&#8243; _builder_version=\u00bb4.27.2&#8243; _module_preset=\u00bbdefault\u00bb global_colors_info=\u00bb{}\u00bb][\/et_pb_image][\/et_pb_column][\/et_pb_row][\/et_pb_section][et_pb_section fb_built=\u00bb1&#8243; _builder_version=\u00bb4.27.2&#8243; _module_preset=\u00bbdefault\u00bb custom_padding=\u00bb10px|||||\u00bb global_colors_info=\u00bb{}\u00bb][et_pb_row column_structure=\u00bb1_3,1_3,1_3&#8243; _builder_version=\u00bb4.27.2&#8243; _module_preset=\u00bbdefault\u00bb global_colors_info=\u00bb{}\u00bb][et_pb_column type=\u00bb1_3&#8243; _builder_version=\u00bb4.27.2&#8243; _module_preset=\u00bbdefault\u00bb global_colors_info=\u00bb{}\u00bb][et_pb_text _builder_version=\u00bb4.27.2&#8243; _module_preset=\u00bbdefault\u00bb global_colors_info=\u00bb{}\u00bb]<\/p>\n<h2><strong>Servicios personalizados de principio a fin<\/strong><\/h2>\n<p>[\/et_pb_text][et_pb_text _builder_version=\u00bb4.27.2&#8243; _module_preset=\u00bbdefault\u00bb global_colors_info=\u00bb{}\u00bb]<\/p>\n<p>Desde el primer contacto, nuestro equipo de expertos en dise\u00f1o trabajar\u00e1 contigo para crear el ambiente ideal. Nos encargamos de todo el proceso: desde la planificaci\u00f3n y el dise\u00f1o en 3D hasta la instalaci\u00f3n final. Nos aseguramos de que cada detalle est\u00e9 acorde a tus expectativas y necesidades.<\/p>\n<p>&nbsp;<\/p>\n<p>[\/et_pb_text][\/et_pb_column][et_pb_column type=\u00bb1_3&#8243; _builder_version=\u00bb4.27.2&#8243; _module_preset=\u00bbdefault\u00bb global_colors_info=\u00bb{}\u00bb][et_pb_text _builder_version=\u00bb4.27.2&#8243; _module_preset=\u00bbdefault\u00bb global_colors_info=\u00bb{}\u00bb]<\/p>\n<h2><strong>Calidad y Durabilidad Garantizada<\/strong><\/h2>\n<p>[\/et_pb_text][et_pb_text _builder_version=\u00bb4.27.2&#8243; _module_preset=\u00bbdefault\u00bb global_colors_info=\u00bb{}\u00bb]<\/p>\n<p>Utilizamos materiales de alta calidad y t\u00e9cnicas avanzadas de fabricaci\u00f3n para ofrecerte muebles de cocina duraderos y de f\u00e1cil mantenimiento. Nuestro compromiso es brindarte un espacio que puedas disfrutar por a\u00f1os, sin preocupaciones.<\/p>\n<p>&nbsp;<\/p>\n<p>[\/et_pb_text][\/et_pb_column][et_pb_column type=\u00bb1_3&#8243; _builder_version=\u00bb4.27.2&#8243; _module_preset=\u00bbdefault\u00bb global_colors_info=\u00bb{}\u00bb][et_pb_text _builder_version=\u00bb4.27.2&#8243; _module_preset=\u00bbdefault\u00bb global_colors_info=\u00bb{}\u00bb]<\/p>\n<h2><strong>Transforma tu cocina en el coraz\u00f3n de tu hogar<\/strong><\/h2>\n<p>[\/et_pb_text][et_pb_text _builder_version=\u00bb4.27.2&#8243; _module_preset=\u00bbdefault\u00bb global_colors_info=\u00bb{}\u00bb]<\/p>\n<p>Descubre c\u00f3mo una cocina hecha a medida puede cambiar tu hogar. D\u00e9janos ayudarte a crear un espacio acogedor y funcional donde cada elemento est\u00e9 dise\u00f1ado pensando en ti.<\/p>\n<p>&nbsp;<\/p>\n<p>[\/et_pb_text][\/et_pb_column][\/et_pb_row][\/et_pb_section]<\/p>\n","protected":false},"excerpt":{"rendered":"<p>Muebles de Cocina a Medida: Dise\u00f1o, Funcionalidad y Estilo Exclusivo &nbsp;Nos especializamos en crear cocinas que se adaptan perfectamente a tus necesidades, estilo y espacio. Dise\u00f1amos y fabricamos muebles de cocina a medida con los m\u00e1s altos est\u00e1ndares de calidad, brindando soluciones pr\u00e1cticas y est\u00e9ticas para cualquier tipo de ambiente.\u00bfPor qu\u00e9 elegir muebles a medida?Cada [&hellip;]<\/p>\n","protected":false},"author":1,"featured_media":0,"parent":0,"menu_order":0,"comment_status":"closed","ping_status":"closed","template":"","meta":{"_et_pb_use_builder":"on","_et_pb_old_content":"<!-- wp:divi\/placeholder \/-->","_et_gb_content_width":"","footnotes":""},"class_list":["post-318","page","type-page","status-publish","hentry"],"jetpack_sharing_enabled":true,"_links":{"self":[{"href":"https:\/\/tapiceriapaidahue.cl\/index.php\/wp-json\/wp\/v2\/pages\/318","targetHints":{"allow":["GET"]}}],"collection":[{"href":"https:\/\/tapiceriapaidahue.cl\/index.php\/wp-json\/wp\/v2\/pages"}],"about":[{"href":"https:\/\/tapiceriapaidahue.cl\/index.php\/wp-json\/wp\/v2\/types\/page"}],"author":[{"embeddable":true,"href":"https:\/\/tapiceriapaidahue.cl\/index.php\/wp-json\/wp\/v2\/users\/1"}],"replies":[{"embeddable":true,"href":"https:\/\/tapiceriapaidahue.cl\/index.php\/wp-json\/wp\/v2\/comments?post=318"}],"version-history":[{"count":4,"href":"https:\/\/tapiceriapaidahue.cl\/index.php\/wp-json\/wp\/v2\/pages\/318\/revisions"}],"predecessor-version":[{"id":397,"href":"https:\/\/tapiceriapaidahue.cl\/index.php\/wp-json\/wp\/v2\/pages\/318\/revisions\/397"}],"wp:attachment":[{"href":"https:\/\/tapiceriapaidahue.cl\/index.php\/wp-json\/wp\/v2\/media?parent=318"}],"curies":[{"name":"wp","href":"https:\/\/api.w.org\/{rel}","templated":true}]}}