{"id":157,"date":"2024-09-10T11:54:11","date_gmt":"2024-09-10T11:54:11","guid":{"rendered":"https:\/\/tapiceriapaidahue.cl\/?page_id=157"},"modified":"2026-01-27T20:01:46","modified_gmt":"2026-01-27T20:01:46","slug":"tapiceria-3","status":"publish","type":"page","link":"https:\/\/tapiceriapaidahue.cl\/index.php\/tapiceria-3\/","title":{"rendered":"Tapicer\u00eda"},"content":{"rendered":"<p>[et_pb_section fb_built=\u00bb1&#8243; fullwidth=\u00bbon\u00bb _builder_version=\u00bb4.27.2&#8243; _module_preset=\u00bbdefault\u00bb global_colors_info=\u00bb{}\u00bb global_module=\u00bb662&#8243; saved_tabs=\u00bball\u00bb][et_pb_fullwidth_image src=\u00bbhttps:\/\/tapiceriapaidahue.cl\/wp-content\/uploads\/2024\/10\/Captura-de-Pantalla-2024-10-25-a-las-09.06.14.png\u00bb title_text=\u00bbCaptura de Pantalla 2024-10-25 a la(s) 09.06.14&#8243; _builder_version=\u00bb4.27.2&#8243; _module_preset=\u00bbdefault\u00bb global_colors_info=\u00bb{}\u00bb][\/et_pb_fullwidth_image][\/et_pb_section][et_pb_section fb_built=\u00bb1&#8243; _builder_version=\u00bb4.27.2&#8243; _module_preset=\u00bbdefault\u00bb custom_padding=\u00bb||2px|||\u00bb global_colors_info=\u00bb{}\u00bb][et_pb_row _builder_version=\u00bb4.27.2&#8243; _module_preset=\u00bbdefault\u00bb custom_padding=\u00bb||4px|||\u00bb global_colors_info=\u00bb{}\u00bb][et_pb_column type=\u00bb4_4&#8243; _builder_version=\u00bb4.27.2&#8243; _module_preset=\u00bbdefault\u00bb global_colors_info=\u00bb{}\u00bb][et_pb_heading title=\u00bbTapicer\u00eda\u00bb _builder_version=\u00bb4.27.2&#8243; _module_preset=\u00bbdefault\u00bb global_colors_info=\u00bb{}\u00bb][\/et_pb_heading][\/et_pb_column][\/et_pb_row][\/et_pb_section][et_pb_section fb_built=\u00bb1&#8243; _builder_version=\u00bb4.27.0&#8243; _module_preset=\u00bbdefault\u00bb custom_padding=\u00bb4px||2px|||\u00bb global_colors_info=\u00bb{}\u00bb][et_pb_row _builder_version=\u00bb4.27.0&#8243; _module_preset=\u00bbdefault\u00bb global_colors_info=\u00bb{}\u00bb][et_pb_column type=\u00bb4_4&#8243; _builder_version=\u00bb4.27.0&#8243; _module_preset=\u00bbdefault\u00bb global_colors_info=\u00bb{}\u00bb][et_pb_text _builder_version=\u00bb4.27.0&#8243; _module_preset=\u00bbdefault\u00bb global_colors_info=\u00bb{}\u00bb]<\/p>\n<p>Dominamos el arte de la Tapicer\u00eda, convertimos, modernizamos, restauramos tus muebles. Dedicamos el tiempo necesario para convertir tus muebles como salidos de f\u00e1brica, con materiales de excelente calidad y lo m\u00e1s importante con mucha pasi\u00f3n por lo que hacemos.<\/p>\n<p>Revisa alguno de nuestros trabajos, tenemos muchas alternativas en telas de muy alta calidad para que disfrutes tus muebles por largos a\u00f1os m\u00e1s.<\/p>\n<p>[\/et_pb_text][\/et_pb_column][\/et_pb_row][\/et_pb_section][et_pb_section fb_built=\u00bb1&#8243; _builder_version=\u00bb4.27.0&#8243; _module_preset=\u00bbdefault\u00bb custom_padding=\u00bb5px|||||\u00bb global_colors_info=\u00bb{}\u00bb][et_pb_row use_custom_gutter=\u00bbon\u00bb gutter_width=\u00bb1&#8243; _builder_version=\u00bb4.27.0&#8243; _module_preset=\u00bbdefault\u00bb border_radii=\u00bbon|3px|3px|3px|3px\u00bb global_colors_info=\u00bb{}\u00bb][et_pb_column type=\u00bb4_4&#8243; _builder_version=\u00bb4.27.0&#8243; _module_preset=\u00bbdefault\u00bb global_colors_info=\u00bb{}\u00bb][et_pb_gallery gallery_ids=\u00bb189,187,188,185,186,183,184,182,181,179,180,178,176,177,175,173,174,172,171,170,169,168,166,167,164,165,162,163,161,160&#8243; posts_number=\u00bb20&#8243; show_title_and_caption=\u00bboff\u00bb show_pagination=\u00bboff\u00bb _builder_version=\u00bb4.27.0&#8243; _module_preset=\u00bbdefault\u00bb border_radii=\u00bbon|3px|3px|3px|3px\u00bb border_width_all=\u00bb2px\u00bb border_color_all=\u00bb#FFFFFF\u00bb global_colors_info=\u00bb{}\u00bb][\/et_pb_gallery][\/et_pb_column][\/et_pb_row][\/et_pb_section]<\/p>\n","protected":false},"excerpt":{"rendered":"<p>Dominamos el arte de la Tapicer\u00eda, convertimos, modernizamos, restauramos tus muebles. Dedicamos el tiempo necesario para convertir tus muebles como salidos de f\u00e1brica, con materiales de excelente calidad y lo m\u00e1s importante con mucha pasi\u00f3n por lo que hacemos. Revisa alguno de nuestros trabajos, tenemos muchas alternativas en telas de muy alta calidad para que [&hellip;]<\/p>\n","protected":false},"author":1,"featured_media":0,"parent":0,"menu_order":0,"comment_status":"closed","ping_status":"closed","template":"","meta":{"_et_pb_use_builder":"on","_et_pb_old_content":"","_et_gb_content_width":"","footnotes":""},"class_list":["post-157","page","type-page","status-publish","hentry"],"jetpack_sharing_enabled":true,"_links":{"self":[{"href":"https:\/\/tapiceriapaidahue.cl\/index.php\/wp-json\/wp\/v2\/pages\/157","targetHints":{"allow":["GET"]}}],"collection":[{"href":"https:\/\/tapiceriapaidahue.cl\/index.php\/wp-json\/wp\/v2\/pages"}],"about":[{"href":"https:\/\/tapiceriapaidahue.cl\/index.php\/wp-json\/wp\/v2\/types\/page"}],"author":[{"embeddable":true,"href":"https:\/\/tapiceriapaidahue.cl\/index.php\/wp-json\/wp\/v2\/users\/1"}],"replies":[{"embeddable":true,"href":"https:\/\/tapiceriapaidahue.cl\/index.php\/wp-json\/wp\/v2\/comments?post=157"}],"version-history":[{"count":7,"href":"https:\/\/tapiceriapaidahue.cl\/index.php\/wp-json\/wp\/v2\/pages\/157\/revisions"}],"predecessor-version":[{"id":663,"href":"https:\/\/tapiceriapaidahue.cl\/index.php\/wp-json\/wp\/v2\/pages\/157\/revisions\/663"}],"wp:attachment":[{"href":"https:\/\/tapiceriapaidahue.cl\/index.php\/wp-json\/wp\/v2\/media?parent=157"}],"curies":[{"name":"wp","href":"https:\/\/api.w.org\/{rel}","templated":true}]}}